{"id":733,"date":"2020-03-03T21:49:57","date_gmt":"2020-03-04T02:49:57","guid":{"rendered":"http:\/\/mipuntoinmobiliario.tk\/?page_id=733"},"modified":"2020-03-03T21:53:40","modified_gmt":"2020-03-04T02:53:40","slug":"mi-punto-administracion","status":"publish","type":"page","link":"https:\/\/mipuntoinmobiliario.com\/en\/mi-punto-administracion\/","title":{"rendered":"My Administration Point"},"content":{"rendered":"<div class=\"wpb-content-wrapper\"><div class=\"vc_row wpb_row vc_row-fluid\"><div class=\"wpb_column vc_column_container vc_col-sm-12\"><div class=\"vc_column-inner\"><div class=\"wpb_wrapper\"><div class=\"widget      widget--landing widget--feature    js-widget\"\n     id=\"cf47_module_features_0\"         style=\"background-image: url(https:\/\/mipuntoinmobiliario.com\/wp-content\/uploads\/slider3\/home-slide5.jpeg); \">\n    <div class=\"widget__content\">\n      <div class=\"feature\">\n      <div class=\"widget__header\">\n                            <h2 class=\"widget__title\">Property administration<\/h2>\n                            <h5 class=\"widget__headline\">residential, commercial and condominiums<\/h5>\n            <\/div>\n\n\n    <!-- end of block .feature__header-->\n    <div class=\"feature__list\">\n              \n          <\/div>\n    <!-- end of block .feature__list-->\n    <!-- end of .feature__content-->\n  <\/div>\n  <\/div>\n<\/div><\/div><\/div><\/div><\/div><div class=\"vc_row wpb_row vc_row-fluid\"><div class=\"wpb_column vc_column_container vc_col-sm-12\"><div class=\"vc_column-inner\"><div class=\"wpb_wrapper\"><div class=\"vc_separator wpb_content_element vc_separator_align_center vc_sep_width_100 vc_sep_dashed vc_sep_border_width_2 vc_sep_pos_align_center vc_separator_no_text vc_sep_color_juicy_pink wpb_content_element  wpb_content_element\" ><span class=\"vc_sep_holder vc_sep_holder_l\"><span class=\"vc_sep_line\"><\/span><\/span><span class=\"vc_sep_holder vc_sep_holder_r\"><span class=\"vc_sep_line\"><\/span><\/span>\n<\/div><\/div><\/div><\/div><\/div><div class=\"vc_row wpb_row vc_row-fluid\"><div class=\"wpb_column vc_column_container vc_col-sm-6\"><div class=\"vc_column-inner\"><div class=\"wpb_wrapper\">\n\t<div class=\"wpb_text_column wpb_content_element\" >\n\t\t<div class=\"wpb_wrapper\">\n\t\t\t<h2>Services<\/h2>\n<ul>\n<li>Marketing plan for the promotion of the property.<br \/>\nAttend, guide, qualify and register potential buyers or tenants.<\/li>\n<li>Payments for the different contracted services: administration fee, energy, cable, internet, taxes and<br \/>\nthe rest.<\/li>\n<\/ul>\n\n\t\t<\/div>\n\t<\/div>\n<\/div><\/div><\/div><div class=\"wpb_column vc_column_container vc_col-sm-6\"><div class=\"vc_column-inner\"><div class=\"wpb_wrapper\">\n\t<div class=\"wpb_text_column wpb_content_element\" >\n\t\t<div class=\"wpb_wrapper\">\n\t\t\t<ul>\n<li>Preparation of contracts and inventories of the property.<\/li>\n<li>Lease fee collection.<\/li>\n<li>Maintenance and locative repairs.<\/li>\n<li>Representation before any administrative or judicial entity.<\/li>\n<li>Periodic inspections of the property.<\/li>\n<li>Messenger payment reports and property status.<\/li>\n<\/ul>\n\n\t\t<\/div>\n\t<\/div>\n<\/div><\/div><\/div><\/div>\n<\/div>","protected":false},"excerpt":{"rendered":"Administraci\u00f3n de propiedades habitacionales, comerciales y condominios Servicios Plan de marketing para la promocion del inmueble. Atender, orientar, calificar y registrar a compradores o arrendatarios potenciales. Pagos de los diferentes servicios contratados: cuota de administraci\u00f3n, energ\u00eda, cable, internet, impuestos y dem\u00e1s. Preparacion de contratos e inventarios de la propiedad. Cobro del canon de arrendamiento. Mantenimiento [...]","protected":false},"author":1,"featured_media":0,"parent":0,"menu_order":0,"comment_status":"closed","ping_status":"closed","template":"","meta":{"footnotes":""},"class_list":["post-733","page","type-page","status-publish","hentry"],"_links":{"self":[{"href":"https:\/\/mipuntoinmobiliario.com\/en\/wp-json\/wp\/v2\/pages\/733","targetHints":{"allow":["GET"]}}],"collection":[{"href":"https:\/\/mipuntoinmobiliario.com\/en\/wp-json\/wp\/v2\/pages"}],"about":[{"href":"https:\/\/mipuntoinmobiliario.com\/en\/wp-json\/wp\/v2\/types\/page"}],"author":[{"embeddable":true,"href":"https:\/\/mipuntoinmobiliario.com\/en\/wp-json\/wp\/v2\/users\/1"}],"replies":[{"embeddable":true,"href":"https:\/\/mipuntoinmobiliario.com\/en\/wp-json\/wp\/v2\/comments?post=733"}],"version-history":[{"count":4,"href":"https:\/\/mipuntoinmobiliario.com\/en\/wp-json\/wp\/v2\/pages\/733\/revisions"}],"predecessor-version":[{"id":738,"href":"https:\/\/mipuntoinmobiliario.com\/en\/wp-json\/wp\/v2\/pages\/733\/revisions\/738"}],"wp:attachment":[{"href":"https:\/\/mipuntoinmobiliario.com\/en\/wp-json\/wp\/v2\/media?parent=733"}],"curies":[{"name":"wp","href":"https:\/\/api.w.org\/{rel}","templated":true}]}}