{"id":623,"date":"2020-03-02T17:59:22","date_gmt":"2020-03-02T22:59:22","guid":{"rendered":"http:\/\/mipuntoinmobiliario.tk\/?page_id=623"},"modified":"2020-03-21T06:46:50","modified_gmt":"2020-03-21T11:46:50","slug":"mi-punto-construccion","status":"publish","type":"page","link":"https:\/\/mipuntoinmobiliario.com\/en\/mi-punto-construccion\/","title":{"rendered":"My Construction Point"},"content":{"rendered":"<div class=\"wpb-content-wrapper\"><div class=\"vc_row wpb_row vc_row-fluid\"><div class=\"wpb_column vc_column_container vc_col-sm-4\"><div class=\"vc_column-inner\"><div class=\"wpb_wrapper\">\n\t<div  class=\"wpb_single_image wpb_content_element vc_align_center wpb_content_element\">\n\t\t<h2 class=\"wpb_heading wpb_singleimage_heading\">Remodeling<\/h2>\n\t\t<figure class=\"wpb_wrapper vc_figure\">\n\t\t\t<a href=\"\/en\/remodelacion\/\" target=\"_self\" class=\"vc_single_image-wrapper   vc_box_border_grey\"><img loading=\"lazy\" decoding=\"async\" width=\"640\" height=\"480\" src=\"https:\/\/mipuntoinmobiliario.com\/wp-content\/uploads\/2016\/04\/apartamento_en_albrook_embassy_village_4440112578318204036.jpg\" class=\"vc_single_image-img attachment-full\" alt=\"\" title=\"apartment_in_albrook_embassy_village_4440112578318204036\" srcset=\"https:\/\/mipuntoinmobiliario.com\/wp-content\/uploads\/2016\/04\/apartamento_en_albrook_embassy_village_4440112578318204036.jpg 640w, https:\/\/mipuntoinmobiliario.com\/wp-content\/uploads\/2016\/04\/apartamento_en_albrook_embassy_village_4440112578318204036-300x225.jpg 300w\" sizes=\"auto, (max-width: 640px) 100vw, 640px\" \/><\/a>\n\t\t<\/figure>\n\t<\/div>\n\n\t<div class=\"wpb_text_column wpb_content_element\" >\n\t\t<div class=\"wpb_wrapper\">\n\t\t\t<h3 style=\"text-align: center;\">Remodeling and adaptation of interior and exterior spaces<\/h3>\n\n\t\t<\/div>\n\t<\/div>\n<div class=\"vc_btn3-container vc_btn3-center vc_do_btn\" ><a class=\"vc_general vc_btn3 vc_btn3-size-sm vc_btn3-shape-rounded vc_btn3-style-modern vc_btn3-icon-left vc_btn3-color-danger\" href=\"\/en\/remodelacion\/\" title=\"Remodeling\"><i class=\"vc_btn3-icon fas fa-caret-square-right\"><\/i> See gallery.<\/a><\/div><\/div><\/div><\/div><div class=\"wpb_column vc_column_container vc_col-sm-4\"><div class=\"vc_column-inner\"><div class=\"wpb_wrapper\">\n\t<div  class=\"wpb_single_image wpb_content_element vc_align_center wpb_content_element\">\n\t\t<h2 class=\"wpb_heading wpb_singleimage_heading\">Electricity in general<\/h2>\n\t\t<figure class=\"wpb_wrapper vc_figure\">\n\t\t\t<a href=\"\/en\/electricidad-en-general\/\" target=\"_self\" class=\"vc_single_image-wrapper   vc_box_border_grey\"><img loading=\"lazy\" decoding=\"async\" width=\"1920\" height=\"1277\" src=\"https:\/\/mipuntoinmobiliario.com\/wp-content\/uploads\/2020\/03\/electrician-2755682_1920.jpg\" class=\"vc_single_image-img attachment-full\" alt=\"\" title=\"electrician-2755682_1920\" srcset=\"https:\/\/mipuntoinmobiliario.com\/wp-content\/uploads\/2020\/03\/electrician-2755682_1920.jpg 1920w, https:\/\/mipuntoinmobiliario.com\/wp-content\/uploads\/2020\/03\/electrician-2755682_1920-300x200.jpg 300w, https:\/\/mipuntoinmobiliario.com\/wp-content\/uploads\/2020\/03\/electrician-2755682_1920-1024x681.jpg 1024w, https:\/\/mipuntoinmobiliario.com\/wp-content\/uploads\/2020\/03\/electrician-2755682_1920-768x511.jpg 768w, https:\/\/mipuntoinmobiliario.com\/wp-content\/uploads\/2020\/03\/electrician-2755682_1920-1536x1022.jpg 1536w\" sizes=\"auto, (max-width: 1920px) 100vw, 1920px\" \/><\/a>\n\t\t<\/figure>\n\t<\/div>\n\n\t<div class=\"wpb_text_column wpb_content_element\" >\n\t\t<div class=\"wpb_wrapper\">\n\t\t\t<h3 style=\"text-align: center;\">Electrician service for all kinds of problems<\/h3>\n\n\t\t<\/div>\n\t<\/div>\n<div class=\"vc_btn3-container vc_btn3-center vc_do_btn\" ><a class=\"vc_general vc_btn3 vc_btn3-size-sm vc_btn3-shape-rounded vc_btn3-style-modern vc_btn3-icon-left vc_btn3-color-danger\" href=\"\/en\/electricidad-en-general\/\" title=\"Remodeling\"><i class=\"vc_btn3-icon fas fa-caret-square-right\"><\/i> See gallery.<\/a><\/div><\/div><\/div><\/div><div class=\"wpb_column vc_column_container vc_col-sm-4\"><div class=\"vc_column-inner\"><div class=\"wpb_wrapper\">\n\t<div  class=\"wpb_single_image wpb_content_element vc_align_center wpb_content_element\">\n\t\t<h2 class=\"wpb_heading wpb_singleimage_heading\">Repello<\/h2>\n\t\t<figure class=\"wpb_wrapper vc_figure\">\n\t\t\t<a href=\"\/en\/repello\/\" target=\"_self\" class=\"vc_single_image-wrapper   vc_box_border_grey\"><img loading=\"lazy\" decoding=\"async\" width=\"720\" height=\"960\" src=\"https:\/\/mipuntoinmobiliario.com\/wp-content\/uploads\/2020\/03\/IMG_20190521_113735_resized_20200219_054123314.jpg\" class=\"vc_single_image-img attachment-full\" alt=\"\" title=\"IMG_20190521_113735_resized_20200219_054123314\" srcset=\"https:\/\/mipuntoinmobiliario.com\/wp-content\/uploads\/2020\/03\/IMG_20190521_113735_resized_20200219_054123314.jpg 720w, https:\/\/mipuntoinmobiliario.com\/wp-content\/uploads\/2020\/03\/IMG_20190521_113735_resized_20200219_054123314-225x300.jpg 225w\" sizes=\"auto, (max-width: 720px) 100vw, 720px\" \/><\/a>\n\t\t<\/figure>\n\t<\/div>\n\n\t<div class=\"wpb_text_column wpb_content_element\" >\n\t\t<div class=\"wpb_wrapper\">\n\t\t\t<h3 style=\"text-align: center;\">Repello with projection machine<\/h3>\n\n\t\t<\/div>\n\t<\/div>\n<div class=\"vc_btn3-container vc_btn3-center vc_do_btn\" ><a class=\"vc_general vc_btn3 vc_btn3-size-sm vc_btn3-shape-rounded vc_btn3-style-modern vc_btn3-icon-left vc_btn3-color-danger\" href=\"\/en\/electricidad-en-general\/\" title=\"Remodeling\"><i class=\"vc_btn3-icon fas fa-caret-square-right\"><\/i> See gallery.<\/a><\/div><\/div><\/div><\/div><\/div><div class=\"vc_row wpb_row vc_row-fluid\"><div class=\"wpb_column vc_column_container vc_col-sm-12\"><div class=\"vc_column-inner\"><div class=\"wpb_wrapper\"><div class=\"vc_separator wpb_content_element vc_separator_align_center vc_sep_width_100 vc_sep_dashed vc_sep_border_width_2 vc_sep_pos_align_center vc_separator_no_text vc_sep_color_juicy_pink wpb_content_element  wpb_content_element\" ><span class=\"vc_sep_holder vc_sep_holder_l\"><span class=\"vc_sep_line\"><\/span><\/span><span class=\"vc_sep_holder vc_sep_holder_r\"><span class=\"vc_sep_line\"><\/span><\/span>\n<\/div><\/div><\/div><\/div><\/div><div class=\"vc_row wpb_row vc_row-fluid\"><div class=\"wpb_column vc_column_container vc_col-sm-4\"><div class=\"vc_column-inner\"><div class=\"wpb_wrapper\">\n\t<div  class=\"wpb_single_image wpb_content_element vc_align_center wpb_content_element\">\n\t\t<h2 class=\"wpb_heading wpb_singleimage_heading\">air conditioners<\/h2>\n\t\t<figure class=\"wpb_wrapper vc_figure\">\n\t\t\t<a href=\"\/en\/aires-acondicionados\/\" target=\"_self\" class=\"vc_single_image-wrapper   vc_box_border_grey\"><img loading=\"lazy\" decoding=\"async\" width=\"1437\" height=\"625\" src=\"https:\/\/mipuntoinmobiliario.com\/wp-content\/uploads\/2020\/03\/AC-Repairing-Service-in-Mirdif.jpg\" class=\"vc_single_image-img attachment-full\" alt=\"\" title=\"AC-Repairing-Service-in-Mirdif\" srcset=\"https:\/\/mipuntoinmobiliario.com\/wp-content\/uploads\/2020\/03\/AC-Repairing-Service-in-Mirdif.jpg 1437w, https:\/\/mipuntoinmobiliario.com\/wp-content\/uploads\/2020\/03\/AC-Repairing-Service-in-Mirdif-300x130.jpg 300w, https:\/\/mipuntoinmobiliario.com\/wp-content\/uploads\/2020\/03\/AC-Repairing-Service-in-Mirdif-1024x445.jpg 1024w, https:\/\/mipuntoinmobiliario.com\/wp-content\/uploads\/2020\/03\/AC-Repairing-Service-in-Mirdif-768x334.jpg 768w\" sizes=\"auto, (max-width: 1437px) 100vw, 1437px\" \/><\/a>\n\t\t<\/figure>\n\t<\/div>\n\n\t<div class=\"wpb_text_column wpb_content_element\" >\n\t\t<div class=\"wpb_wrapper\">\n\t\t\t<h3 style=\"text-align: center;\">Installation, maintenance and repair of air conditioners<\/h3>\n\n\t\t<\/div>\n\t<\/div>\n<div class=\"vc_btn3-container vc_btn3-center vc_do_btn\" ><a class=\"vc_general vc_btn3 vc_btn3-size-sm vc_btn3-shape-rounded vc_btn3-style-modern vc_btn3-icon-left vc_btn3-color-danger\" href=\"\/en\/aires-acondicionados\/\" title=\"\"><i class=\"vc_btn3-icon fas fa-caret-square-right\"><\/i> See gallery.<\/a><\/div><\/div><\/div><\/div><div class=\"wpb_column vc_column_container vc_col-sm-4\"><div class=\"vc_column-inner\"><div class=\"wpb_wrapper\">\n\t<div  class=\"wpb_single_image wpb_content_element vc_align_center wpb_content_element\">\n\t\t<h2 class=\"wpb_heading wpb_singleimage_heading\">Painting<\/h2>\n\t\t<figure class=\"wpb_wrapper vc_figure\">\n\t\t\t<a href=\"\/en\/pintura\/\" target=\"_self\" class=\"vc_single_image-wrapper   vc_box_border_grey\"><img loading=\"lazy\" decoding=\"async\" width=\"1920\" height=\"992\" src=\"https:\/\/mipuntoinmobiliario.com\/wp-content\/uploads\/slider3\/home-slide4.jpeg\" class=\"vc_single_image-img attachment-full\" alt=\"\" title=\"home-slide4\" srcset=\"https:\/\/mipuntoinmobiliario.com\/wp-content\/uploads\/slider3\/home-slide4.jpeg 1920w, https:\/\/mipuntoinmobiliario.com\/wp-content\/uploads\/slider3\/home-slide4-300x155.jpeg 300w, https:\/\/mipuntoinmobiliario.com\/wp-content\/uploads\/slider3\/home-slide4-1024x529.jpeg 1024w, https:\/\/mipuntoinmobiliario.com\/wp-content\/uploads\/slider3\/home-slide4-768x397.jpeg 768w, https:\/\/mipuntoinmobiliario.com\/wp-content\/uploads\/slider3\/home-slide4-1536x794.jpeg 1536w\" sizes=\"auto, (max-width: 1920px) 100vw, 1920px\" \/><\/a>\n\t\t<\/figure>\n\t<\/div>\n\n\t<div class=\"wpb_text_column wpb_content_element\" >\n\t\t<div class=\"wpb_wrapper\">\n\t\t\t<h3 style=\"text-align: center;\">Professional painting service<\/h3>\n\n\t\t<\/div>\n\t<\/div>\n<div class=\"vc_btn3-container vc_btn3-center vc_do_btn\" ><a class=\"vc_general vc_btn3 vc_btn3-size-sm vc_btn3-shape-rounded vc_btn3-style-modern vc_btn3-icon-left vc_btn3-color-danger\" href=\"\/en\/remodelacion\/\" title=\"Remodeling\"><i class=\"vc_btn3-icon fas fa-caret-square-right\"><\/i> See gallery.<\/a><\/div><\/div><\/div><\/div><div class=\"wpb_column vc_column_container vc_col-sm-4\"><div class=\"vc_column-inner\"><div class=\"wpb_wrapper\">\n\t<div  class=\"wpb_single_image wpb_content_element vc_align_center wpb_content_element\">\n\t\t<h2 class=\"wpb_heading wpb_singleimage_heading\">Plumbing<\/h2>\n\t\t<figure class=\"wpb_wrapper vc_figure\">\n\t\t\t<a href=\"\/en\/plomeria\/\" target=\"_self\" class=\"vc_single_image-wrapper   vc_box_border_grey\"><img loading=\"lazy\" decoding=\"async\" width=\"720\" height=\"960\" src=\"https:\/\/mipuntoinmobiliario.com\/wp-content\/uploads\/2020\/03\/IMG_20190521_113735_resized_20200219_054123314.jpg\" class=\"vc_single_image-img attachment-full\" alt=\"\" title=\"IMG_20190521_113735_resized_20200219_054123314\" srcset=\"https:\/\/mipuntoinmobiliario.com\/wp-content\/uploads\/2020\/03\/IMG_20190521_113735_resized_20200219_054123314.jpg 720w, https:\/\/mipuntoinmobiliario.com\/wp-content\/uploads\/2020\/03\/IMG_20190521_113735_resized_20200219_054123314-225x300.jpg 225w\" sizes=\"auto, (max-width: 720px) 100vw, 720px\" \/><\/a>\n\t\t<\/figure>\n\t<\/div>\n\n\t<div class=\"wpb_text_column wpb_content_element\" >\n\t\t<div class=\"wpb_wrapper\">\n\t\t\t<h3 style=\"text-align: center;\">Plumbing service for your home or company<\/h3>\n\n\t\t<\/div>\n\t<\/div>\n<div class=\"vc_btn3-container vc_btn3-center vc_do_btn\" ><a class=\"vc_general vc_btn3 vc_btn3-size-sm vc_btn3-shape-rounded vc_btn3-style-modern vc_btn3-icon-left vc_btn3-color-danger\" href=\"\/en\/plomeria\/\" title=\"Plumbing\"><i class=\"vc_btn3-icon fas fa-caret-square-right\"><\/i> See gallery.<\/a><\/div><\/div><\/div><\/div><\/div><div class=\"vc_row wpb_row vc_row-fluid\"><div class=\"wpb_column vc_column_container vc_col-sm-12\"><div class=\"vc_column-inner\"><div class=\"wpb_wrapper\"><div class=\"vc_separator wpb_content_element vc_separator_align_center vc_sep_width_100 vc_sep_dashed vc_sep_border_width_2 vc_sep_pos_align_center vc_separator_no_text vc_sep_color_juicy_pink wpb_content_element  wpb_content_element\" ><span class=\"vc_sep_holder vc_sep_holder_l\"><span class=\"vc_sep_line\"><\/span><\/span><span class=\"vc_sep_holder vc_sep_holder_r\"><span class=\"vc_sep_line\"><\/span><\/span>\n<\/div><\/div><\/div><\/div><\/div><div class=\"vc_row wpb_row vc_row-fluid\"><div class=\"wpb_column vc_column_container vc_col-sm-4\"><div class=\"vc_column-inner\"><div class=\"wpb_wrapper\"><\/div><\/div><\/div><div class=\"wpb_column vc_column_container vc_col-sm-4\"><div class=\"vc_column-inner\"><div class=\"wpb_wrapper\">\n\t<div  class=\"wpb_single_image wpb_content_element vc_align_center wpb_content_element\">\n\t\t<h2 class=\"wpb_heading wpb_singleimage_heading\">Lighting - sale and supply of products<\/h2>\n\t\t<figure class=\"wpb_wrapper vc_figure\">\n\t\t\t<a href=\"\/en\/bombilla\/\" target=\"_self\" class=\"vc_single_image-wrapper   vc_box_border_grey\"><img loading=\"lazy\" decoding=\"async\" width=\"1920\" height=\"1280\" src=\"https:\/\/mipuntoinmobiliario.com\/wp-content\/uploads\/2020\/03\/iluminacion-decorativa.jpg\" class=\"vc_single_image-img attachment-full\" alt=\"\" title=\"lighting-decorative\" srcset=\"https:\/\/mipuntoinmobiliario.com\/wp-content\/uploads\/2020\/03\/iluminacion-decorativa.jpg 1920w, https:\/\/mipuntoinmobiliario.com\/wp-content\/uploads\/2020\/03\/iluminacion-decorativa-300x200.jpg 300w, https:\/\/mipuntoinmobiliario.com\/wp-content\/uploads\/2020\/03\/iluminacion-decorativa-1024x683.jpg 1024w, https:\/\/mipuntoinmobiliario.com\/wp-content\/uploads\/2020\/03\/iluminacion-decorativa-768x512.jpg 768w, https:\/\/mipuntoinmobiliario.com\/wp-content\/uploads\/2020\/03\/iluminacion-decorativa-1536x1024.jpg 1536w\" sizes=\"auto, (max-width: 1920px) 100vw, 1920px\" \/><\/a>\n\t\t<\/figure>\n\t<\/div>\n\n\t<div class=\"wpb_text_column wpb_content_element\" >\n\t\t<div class=\"wpb_wrapper\">\n\t\t\t<h3 style=\"text-align: center;\">Installation of lights, spare parts, accessories and consumables.<\/h3>\n\n\t\t<\/div>\n\t<\/div>\n<div class=\"vc_btn3-container vc_btn3-center vc_do_btn\" ><a class=\"vc_general vc_btn3 vc_btn3-size-sm vc_btn3-shape-rounded vc_btn3-style-modern vc_btn3-icon-left vc_btn3-color-danger\" href=\"\/en\/bombilla\/\" title=\"Light bulb\"><i class=\"vc_btn3-icon fas fa-caret-square-right\"><\/i> See gallery.<\/a><\/div><\/div><\/div><\/div><div class=\"wpb_column vc_column_container vc_col-sm-4\"><div class=\"vc_column-inner\"><div class=\"wpb_wrapper\"><\/div><\/div><\/div><\/div><div class=\"vc_row wpb_row vc_row-fluid vc_custom_1583288588036 vc_row-has-fill\"><div class=\"wpb_column vc_column_container vc_col-sm-12\"><div class=\"vc_column-inner\"><div class=\"wpb_wrapper\"><div class=\"widget    js-widget\"\n     id=\"cf47_module_go_submit_0\"        >\n    <div class=\"widget__content\">\n      <!-- BEGIN BLOCK GO SUBMIT-->\n  <div class=\"gosubmit\">\n    <div class=\"container\">\n               <div class=\"gosubmit__title\">\n    <div class=\"gosubmit__title__row gosubmit__title__row--first\">\n        You need\n    <\/div>\n    <div class=\"gosubmit__title__row gosubmit__title__row--second\">\n        <span class=\"gosubmit__title__option\">\n            Some\n        <\/span>\n        \n        <span class=\"gosubmit__title__option\">\n            Service\n        <\/span>\n    <\/div>\n    <div class=\"gosubmit__title__row gosubmit__title__row--third\">\n        at this time\n    <\/div>\n<\/div>\n<a href=\"\/en\/contacto\/\" class=\"gosubmit__btn\">Apply for<\/a>\n          <\/div>\n  <\/div>\n  <!-- END BLOCK GO SUBMIT-->\n  <\/div>\n<\/div><\/div><\/div><\/div><\/div>\n<\/div>","protected":false},"excerpt":{"rendered":"Remodelaci\u00f3n Remodelaci\u00f3n y adecuaci\u00f3n de espacios interiores y exteriores Ver galeria. Electricidad en general Servicio de electricista para todo tipo de problemas Ver galeria. Repello Repello con m\u00e1quina de proyecci\u00f3n Ver galeria. Aires acondicionados Instalaci\u00f3n, mantenimiento y reparaci\u00f3n de aires acondicionados Ver galeria. Pintura Servicio profesional de pintura Ver galeria. Plomer\u00eda Servicio de plomer\u00eda para [...]","protected":false},"author":1,"featured_media":0,"parent":0,"menu_order":0,"comment_status":"closed","ping_status":"closed","template":"page-templates\/template-vc.php","meta":{"footnotes":""},"class_list":["post-623","page","type-page","status-publish","hentry"],"_links":{"self":[{"href":"https:\/\/mipuntoinmobiliario.com\/en\/wp-json\/wp\/v2\/pages\/623","targetHints":{"allow":["GET"]}}],"collection":[{"href":"https:\/\/mipuntoinmobiliario.com\/en\/wp-json\/wp\/v2\/pages"}],"about":[{"href":"https:\/\/mipuntoinmobiliario.com\/en\/wp-json\/wp\/v2\/types\/page"}],"author":[{"embeddable":true,"href":"https:\/\/mipuntoinmobiliario.com\/en\/wp-json\/wp\/v2\/users\/1"}],"replies":[{"embeddable":true,"href":"https:\/\/mipuntoinmobiliario.com\/en\/wp-json\/wp\/v2\/comments?post=623"}],"version-history":[{"count":46,"href":"https:\/\/mipuntoinmobiliario.com\/en\/wp-json\/wp\/v2\/pages\/623\/revisions"}],"predecessor-version":[{"id":903,"href":"https:\/\/mipuntoinmobiliario.com\/en\/wp-json\/wp\/v2\/pages\/623\/revisions\/903"}],"wp:attachment":[{"href":"https:\/\/mipuntoinmobiliario.com\/en\/wp-json\/wp\/v2\/media?parent=623"}],"curies":[{"name":"wp","href":"https:\/\/api.w.org\/{rel}","templated":true}]}}