{"id":533,"date":"2016-07-01T10:05:13","date_gmt":"2016-07-01T10:05:13","guid":{"rendered":"http:\/\/realtyspace.codefactory47.com\/?page_id=533"},"modified":"2020-05-19T07:21:07","modified_gmt":"2020-05-19T12:21:07","slug":"home-video","status":"publish","type":"page","link":"https:\/\/mipuntoinmobiliario.com\/en\/","title":{"rendered":"home"},"content":{"rendered":"<div class=\"wpb-content-wrapper\"><div data-vc-full-width=\"true\" data-vc-full-width-init=\"false\" data-vc-stretch-content=\"true\" class=\"vc_row wpb_row vc_row-fluid banner--overlay vc_custom_1583255923623 vc_row-has-fill vc_row-no-padding\"><div class=\"wpb_column vc_column_container vc_col-sm-12\"><div class=\"vc_column-inner vc_custom_1466700872272\"><div class=\"wpb_wrapper\">\n\t<div class=\"wpb_text_column wpb_content_element\" >\n\t\t<div class=\"wpb_wrapper\">\n\t\t\t\n\n\t\t<\/div>\n\t<\/div>\n<\/div><\/div><\/div><\/div><div class=\"vc_row-full-width vc_clearfix\"><\/div><div data-vc-full-width=\"true\" data-vc-full-width-init=\"false\" data-vc-stretch-content=\"true\" class=\"vc_row wpb_row vc_row-fluid vc_custom_1467988628497 vc_row-has-fill vc_row-no-padding\"><div class=\"wpb_column vc_column_container vc_col-sm-12\"><div class=\"vc_column-inner vc_custom_1467988622498\"><div class=\"wpb_wrapper\"><div class=\"widget      widget--landing widget--feature    js-widget   vc_custom_1583185241842\"\n     id=\"cf47_module_features_0\"         style=\"background-image: url(https:\/\/mipuntoinmobiliario.com\/wp-content\/uploads\/2016\/04\/bg-feature.jpg); \">\n    <div class=\"widget__content\">\n      <div class=\"feature\">\n      <div class=\"widget__header\">\n                            <h2 class=\"widget__title\">Values<\/h2>\n                          <\/div>\n\n\n    <!-- end of block .feature__header-->\n    <div class=\"feature__list\">\n              <div class=\"feature__item\">\n              <svg class=\"feature__icon\">\n      <use xmlns:xlink=\"http:\/\/www.w3.org\/1999\/xlink\" xlink:href=\"#icon-favorite-agents\"><\/use>\n    <\/svg>\n  \n    <div class=\"feature__item-content\">\n    <h3 class=\"feature__item-title\">Integers<\/h3>\n    <div class=\"feature__text\">\n      Transparency and honesty govern all our relationships\n    <\/div>\n  <\/div>\n<\/div><div class=\"feature__item\">\n              <svg class=\"feature__icon\">\n      <use xmlns:xlink=\"http:\/\/www.w3.org\/1999\/xlink\" xlink:href=\"#icon-dashboard\"><\/use>\n    <\/svg>\n  \n    <div class=\"feature__item-content\">\n    <h3 class=\"feature__item-title\">Helpful<\/h3>\n    <div class=\"feature__text\">\n      Committed to the satisfaction of our customers.\n    <\/div>\n  <\/div>\n<\/div><div class=\"feature__item\">\n              <svg class=\"feature__icon\">\n      <use xmlns:xlink=\"http:\/\/www.w3.org\/1999\/xlink\" xlink:href=\"#icon-agency\"><\/use>\n    <\/svg>\n  \n    <div class=\"feature__item-content\">\n    <h3 class=\"feature__item-title\">Innovators<\/h3>\n    <div class=\"feature__text\">\n      Focused on quality and continuous improvement\n    <\/div>\n  <\/div>\n<\/div><div class=\"feature__item\">\n              <svg class=\"feature__icon\">\n      <use xmlns:xlink=\"http:\/\/www.w3.org\/1999\/xlink\" xlink:href=\"#icon-customers\"><\/use>\n    <\/svg>\n  \n    <div class=\"feature__item-content\">\n    <h3 class=\"feature__item-title\">Respectful<\/h3>\n    <div class=\"feature__text\">\n      We value people, communities and the environment\n    <\/div>\n  <\/div>\n<\/div>\n          <\/div>\n    <!-- end of block .feature__list-->\n    <!-- end of .feature__content-->\n  <\/div>\n  <\/div>\n<\/div><div class=\"vc_separator wpb_content_element vc_separator_align_center vc_sep_width_100 vc_sep_border_width_10 vc_sep_pos_align_center vc_separator_no_text vc_sep_color_grey wpb_content_element  wpb_content_element\" ><span class=\"vc_sep_holder vc_sep_holder_l\"><span class=\"vc_sep_line\"><\/span><\/span><span class=\"vc_sep_holder vc_sep_holder_r\"><span class=\"vc_sep_line\"><\/span><\/span>\n<\/div><\/div><\/div><\/div><\/div><div class=\"vc_row-full-width vc_clearfix\"><\/div><div data-vc-full-width=\"true\" data-vc-full-width-init=\"false\" data-vc-stretch-content=\"true\" class=\"vc_row wpb_row vc_row-fluid vc_custom_1467988628497 vc_row-has-fill vc_row-no-padding\"><div class=\"wpb_column vc_column_container vc_col-sm-12\"><div class=\"vc_column-inner vc_custom_1467988622498\"><div class=\"wpb_wrapper\"><div class=\"vc_row wpb_row vc_inner vc_row-fluid\"><div class=\"wpb_column vc_column_container vc_col-sm-6\"><div class=\"vc_column-inner\"><div class=\"wpb_wrapper\">\n\t<div class=\"wpb_text_column wpb_content_element\" >\n\t\t<div class=\"wpb_wrapper\">\n\t\t\t<h1 class=\"widget__title\" style=\"text-align: center; font-size: 48px; color: #eb292e; text-transform: uppercase; font-weight: bold; font-family: 'Montserrat', sans-serif;\">Mission<\/h1>\n\n\t\t<\/div>\n\t<\/div>\n<div class=\"vc_icon_element vc_icon_element-outer vc_do_icon wpb_animate_when_almost_visible wpb_bounceIn bounceIn vc_icon_element-align-center vc_icon_element-have-style\"><div class=\"vc_icon_element-inner vc_icon_element-color-white vc_icon_element-have-style-inner vc_icon_element-size-xl vc_icon_element-style-rounded vc_icon_element-background vc_icon_element-background-color-juicy_pink\" ><span class=\"vc_icon_element-icon vc-material vc-material-room\" ><\/span><\/div><\/div>\n\t<div class=\"wpb_text_column wpb_content_element\" >\n\t\t<div class=\"wpb_wrapper\">\n\t\t\t<p style=\"text-align: center; text-transform: uppercase; color: #606e7c; font-size: 14px; font-weight: 400; margin-top: 30px; margin-bottom: 0; line-height: 2; padding-left: 31px; padding-right: 31px;\">Be a leader in the provision of real estate services, with immediate availability in goods for rent and sale and comprehensive services in the area of construction, remodeling and real estate maintenance, which meet the expectations of quality, time, cost, security and image, maintaining an organizational structure and effective suppliers, oriented to teamwork, continuous improvement, innovation, creativity and respect for the environment.<\/p>\n\n\t\t<\/div>\n\t<\/div>\n<\/div><\/div><\/div><div class=\"wpb_column vc_column_container vc_col-sm-6\"><div class=\"vc_column-inner\"><div class=\"wpb_wrapper\">\n\t<div class=\"wpb_text_column wpb_content_element\" >\n\t\t<div class=\"wpb_wrapper\">\n\t\t\t<h1 class=\"widget__title\" style=\"text-align: center; font-size: 48px; color: #eb292e; text-transform: uppercase; font-weight: bold; font-family: 'Montserrat', sans-serif;\">View<\/h1>\n\n\t\t<\/div>\n\t<\/div>\n<div class=\"vc_icon_element vc_icon_element-outer vc_do_icon wpb_animate_when_almost_visible wpb_bounceIn bounceIn vc_icon_element-align-center vc_icon_element-have-style\"><div class=\"vc_icon_element-inner vc_icon_element-color-white vc_icon_element-have-style-inner vc_icon_element-size-xl vc_icon_element-style-rounded vc_icon_element-background vc_icon_element-background-color-juicy_pink\" ><span class=\"vc_icon_element-icon vc-material vc-material-vpn_key\" ><\/span><\/div><\/div>\n\t<div class=\"wpb_text_column wpb_content_element\" >\n\t\t<div class=\"wpb_wrapper\">\n\t\t\t<p style=\"text-align: center; text-transform: uppercase; color: #606e7c; font-size: 14px; font-weight: 400; margin-top: 30px; margin-bottom: 0; line-height: 2; padding-left: 31px; padding-right: 31px;\">To be recognized as a reliable and honest organization, with excellent quality projects, continuously improving processes and strengthening the competence of the human team.<\/p>\n\n\t\t<\/div>\n\t<\/div>\n<\/div><\/div><\/div><\/div><\/div><\/div><\/div><\/div><div class=\"vc_row-full-width vc_clearfix\"><\/div><div data-vc-full-width=\"true\" data-vc-full-width-init=\"false\" data-vc-stretch-content=\"true\" class=\"vc_row wpb_row vc_row-fluid vc_row-no-padding\"><div class=\"wpb_column vc_column_container vc_col-sm-12\"><div class=\"vc_column-inner\"><div class=\"wpb_wrapper\"><div class=\"widget      widget--landing widget--article-section    js-widget\"\n     id=\"cf47_module_article_grid_0\"        >\n      <div class=\"widget__header\">\n                            <h2 class=\"widget__title\">NEWS AND BLOG<\/h2>\n                          <\/div>\n\n\n  <div class=\"widget__content\">\n      <div class=\"listing listing--grid article article--grid\">\n          <div class=\"listing__item\">\n        <div class=\"article__item\">\n          <a href=\"https:\/\/mipuntoinmobiliario.com\/en\/another-post\/\" class=\"article__photo\">\n              <img decoding=\"async\"  class=\"article__photo-img\"              src=\"https:\/\/mipuntoinmobiliario.com\/wp-content\/uploads\/slider2\/IMG_20190524_120100_resized_20200219_054124859.jpeg\"\n            alt=\"\"\n  \/>\n\n            <time datetime=\"2020-03-02\" class=\"article__time\">\n              Sea<strong>02<\/strong>\n            <\/time>\n          <\/a>\n          <div class=\"article__details\">\n            <a href=\"https:\/\/mipuntoinmobiliario.com\/en\/another-post\/\" class=\"article__item-title\">REPELLO TECHNIQUE WITH PROJECTION MACHINE<\/a>\n            <div class=\"article__intro\"> The repeller to project cement and mortar is a very versatile tool. It guarantees to carry out a multitude of works with materials such as cement, mortar, plaster, paint, etc.<\/div>\n            <a href=\"https:\/\/mipuntoinmobiliario.com\/en\/another-post\/\" class=\"article__more\">Read more<\/a>\n          <\/div>\n        <\/div>\n        <!-- end of block .article__item-->\n      <\/div>\n          <div class=\"listing__item\">\n        <div class=\"article__item\">\n          <a href=\"https:\/\/mipuntoinmobiliario.com\/en\/panama\/\" class=\"article__photo\">\n              <img decoding=\"async\"  class=\"article__photo-img\"              src=\"https:\/\/mipuntoinmobiliario.com\/wp-content\/uploads\/2016\/04\/mainphoto.jpeg\"\n            alt=\"\"\n  \/>\n\n            <time datetime=\"2020-02-07\" class=\"article__time\">\n              Feb<strong>07<\/strong>\n            <\/time>\n          <\/a>\n          <div class=\"article__details\">\n            <a href=\"https:\/\/mipuntoinmobiliario.com\/en\/panama\/\" class=\"article__item-title\">Panama<\/a>\n            <div class=\"article__intro\"> The city is the main cultural and economic center of the country, it has an intense financial activity and an international banking center. The Panama Canal and the\u2026<\/div>\n            <a href=\"https:\/\/mipuntoinmobiliario.com\/en\/panama\/\" class=\"article__more\">Read more<\/a>\n          <\/div>\n        <\/div>\n        <!-- end of block .article__item-->\n      <\/div>\n      <\/div>\n  <!-- end of block .article__list-->\n  <div class=\"widget__footer\">\n    <a href=\"https:\/\/mipuntoinmobiliario.com\/en\/blog\/\" class=\"widget__more\">\n      See more\n    <\/a>\n  <\/div>\n  <\/div>\n<\/div><\/div><\/div><\/div><\/div><div class=\"vc_row-full-width vc_clearfix\"><\/div><div data-vc-full-width=\"true\" data-vc-full-width-init=\"false\" data-vc-stretch-content=\"true\" class=\"vc_row wpb_row vc_row-fluid gosubmit__bg vc_custom_1589890863157 vc_row-has-fill vc_row-no-padding vc_row-o-content-top vc_row-flex\"><div class=\"wpb_column vc_column_container vc_col-sm-12 vc_col-has-fill\"><div class=\"vc_column-inner vc_custom_1466701428997\"><div class=\"wpb_wrapper\"><div class=\"widget    js-widget   vc_custom_1589889700148\"\n     id=\"cf47_module_go_submit_0\"        >\n    <div class=\"widget__content\">\n      <!-- BEGIN BLOCK GO SUBMIT-->\n  <div class=\"gosubmit\">\n    <div class=\"container\">\n               <div class=\"gosubmit__title\">\n    <div class=\"gosubmit__title__row gosubmit__title__row--first\">\n        You need\n    <\/div>\n    <div class=\"gosubmit__title__row gosubmit__title__row--second\">\n        <span class=\"gosubmit__title__option\">\n            To sell\n        <\/span>\n        or\n        <span class=\"gosubmit__title__option\">\n            Rent\n        <\/span>\n    <\/div>\n    <div class=\"gosubmit__title__row gosubmit__title__row--third\">\n        Your property?\n    <\/div>\n<\/div>\n<a href=\"\/en\/contacto\/\" class=\"gosubmit__btn\">Contactar<\/a>\n          <\/div>\n  <\/div>\n  <!-- END BLOCK GO SUBMIT-->\n  <\/div>\n<\/div><\/div><\/div><\/div><\/div><div class=\"vc_row-full-width vc_clearfix\"><\/div>\n<\/div>","protected":false},"excerpt":{"rendered":"Valores Integros La transparencia y honestidad rigen todas nuestras relaciones Serviciales Comprometidos con la satisfacci\u00f3n de nuestros clientes. Innovadores Enfocados en la calidad y mejora continua Respetuosos Valoramos a las personas, las comunidades y el medio ambiente Misi\u00f3n Ser l\u00edder en la prestaci\u00f3n de servicios inmobiliarios, con disponibilidad inmediata en bienes para la renta y [...]","protected":false},"author":1,"featured_media":0,"parent":0,"menu_order":0,"comment_status":"closed","ping_status":"closed","template":"page-templates\/template-vc.php","meta":{"footnotes":""},"class_list":["post-533","page","type-page","status-publish","hentry"],"_links":{"self":[{"href":"https:\/\/mipuntoinmobiliario.com\/en\/wp-json\/wp\/v2\/pages\/533","targetHints":{"allow":["GET"]}}],"collection":[{"href":"https:\/\/mipuntoinmobiliario.com\/en\/wp-json\/wp\/v2\/pages"}],"about":[{"href":"https:\/\/mipuntoinmobiliario.com\/en\/wp-json\/wp\/v2\/types\/page"}],"author":[{"embeddable":true,"href":"https:\/\/mipuntoinmobiliario.com\/en\/wp-json\/wp\/v2\/users\/1"}],"replies":[{"embeddable":true,"href":"https:\/\/mipuntoinmobiliario.com\/en\/wp-json\/wp\/v2\/comments?post=533"}],"version-history":[{"count":45,"href":"https:\/\/mipuntoinmobiliario.com\/en\/wp-json\/wp\/v2\/pages\/533\/revisions"}],"predecessor-version":[{"id":1087,"href":"https:\/\/mipuntoinmobiliario.com\/en\/wp-json\/wp\/v2\/pages\/533\/revisions\/1087"}],"wp:attachment":[{"href":"https:\/\/mipuntoinmobiliario.com\/en\/wp-json\/wp\/v2\/media?parent=533"}],"curies":[{"name":"wp","href":"https:\/\/api.w.org\/{rel}","templated":true}]}}